{"id":6182,"date":"2024-02-29T09:50:10","date_gmt":"2024-02-29T15:50:10","guid":{"rendered":"https:\/\/www.factura-e.mx\/blog\/?page_id=6182"},"modified":"2024-03-07T19:29:56","modified_gmt":"2024-03-08T01:29:56","slug":"alejandro-ponce","status":"publish","type":"page","link":"https:\/\/www.factura-e.mx\/blog\/panel-de-expertos\/alejandro-ponce\/","title":{"rendered":"Alejandro Ponce"},"content":{"rendered":"\t\t<div data-elementor-type=\"wp-page\" data-elementor-id=\"6182\" class=\"elementor elementor-6182\">\n\t\t\t\t\t\t<section class=\"elementor-section elementor-top-section elementor-element elementor-element-c1ce14a elementor-section-boxed elementor-section-height-default elementor-section-height-default\" data-id=\"c1ce14a\" data-element_type=\"section\" data-e-type=\"section\" data-settings=\"{&quot;background_background&quot;:&quot;classic&quot;}\">\n\t\t\t\t\t\t<div class=\"elementor-container elementor-column-gap-default\">\n\t\t\t\t\t<div class=\"elementor-column elementor-col-100 elementor-top-column elementor-element elementor-element-bc9f01f\" data-id=\"bc9f01f\" data-element_type=\"column\" data-e-type=\"column\">\n\t\t\t<div class=\"elementor-widget-wrap elementor-element-populated\">\n\t\t\t\t\t\t<div class=\"elementor-element elementor-element-2f1aa23 elementor-widget elementor-widget-heading\" data-id=\"2f1aa23\" data-element_type=\"widget\" data-e-type=\"widget\" data-widget_type=\"heading.default\">\n\t\t\t\t<div class=\"elementor-widget-container\">\n\t\t\t\t\t<h1 class=\"elementor-heading-title elementor-size-default\">Panel de Experto <\/h1>\t\t\t\t<\/div>\n\t\t\t\t<\/div>\n\t\t\t\t<div class=\"elementor-element elementor-element-74fdbc5 elementor-widget-divider--view-line elementor-widget elementor-widget-divider\" data-id=\"74fdbc5\" data-element_type=\"widget\" data-e-type=\"widget\" data-widget_type=\"divider.default\">\n\t\t\t\t<div class=\"elementor-widget-container\">\n\t\t\t\t\t\t\t<div class=\"elementor-divider\">\n\t\t\t<span class=\"elementor-divider-separator\">\n\t\t\t\t\t\t<\/span>\n\t\t<\/div>\n\t\t\t\t\t\t<\/div>\n\t\t\t\t<\/div>\n\t\t\t\t\t<\/div>\n\t\t<\/div>\n\t\t\t\t\t<\/div>\n\t\t<\/section>\n\t\t\t\t<section class=\"elementor-section elementor-top-section elementor-element elementor-element-533b36ad elementor-section-content-middle elementor-section-boxed elementor-section-height-default elementor-section-height-default\" data-id=\"533b36ad\" data-element_type=\"section\" data-e-type=\"section\" data-settings=\"{&quot;background_background&quot;:&quot;classic&quot;}\">\n\t\t\t\t\t\t<div class=\"elementor-container elementor-column-gap-no\">\n\t\t\t\t\t<div class=\"elementor-column elementor-col-50 elementor-top-column elementor-element elementor-element-f76000b\" data-id=\"f76000b\" data-element_type=\"column\" data-e-type=\"column\">\n\t\t\t<div class=\"elementor-widget-wrap elementor-element-populated\">\n\t\t\t\t\t\t<div class=\"elementor-element elementor-element-b6dddba elementor-widget elementor-widget-heading\" data-id=\"b6dddba\" data-element_type=\"widget\" data-e-type=\"widget\" data-widget_type=\"heading.default\">\n\t\t\t\t<div class=\"elementor-widget-container\">\n\t\t\t\t\t<h2 class=\"elementor-heading-title elementor-size-default\">Alejandro Ponce<\/h2>\t\t\t\t<\/div>\n\t\t\t\t<\/div>\n\t\t\t\t<div class=\"elementor-element elementor-element-3aadcd3 elementor-widget elementor-widget-text-editor\" data-id=\"3aadcd3\" data-element_type=\"widget\" data-e-type=\"widget\" data-widget_type=\"text-editor.default\">\n\t\t\t\t<div class=\"elementor-widget-container\">\n\t\t\t\t\t\t\t\t\t<p>Licenciado en Derecho por la Facultad de Derecho de la U.N.A.M.<\/p>\t\t\t\t\t\t\t\t<\/div>\n\t\t\t\t<\/div>\n\t\t\t\t<div class=\"elementor-element elementor-element-35111f86 elementor-widget elementor-widget-text-editor\" data-id=\"35111f86\" data-element_type=\"widget\" data-e-type=\"widget\" data-widget_type=\"text-editor.default\">\n\t\t\t\t<div class=\"elementor-widget-container\">\n\t\t\t\t\t\t\t\t\t<p>Licenciado en Derecho por la Facultad de Derecho de la U.N.A.M, actualmente me desempe\u00f1o como Director General de \u201cDEFENSA FISCAL, GRUPO JUR\u00cdDICO\u201d, firma con cobertura nacional y que cuenta con 42 a\u00f1os de experiencia en la materia fiscal.<\/p><p>Soy Especialista en Fiscal-Penal y Experto en la detecci\u00f3n, prevenci\u00f3n y correcci\u00f3n de discrepancia fiscal, lavado de dinero y delitos fiscales.<\/p>\t\t\t\t\t\t\t\t<\/div>\n\t\t\t\t<\/div>\n\t\t\t\t\t<\/div>\n\t\t<\/div>\n\t\t\t\t<div class=\"elementor-column elementor-col-50 elementor-top-column elementor-element elementor-element-3a1be69d\" data-id=\"3a1be69d\" data-element_type=\"column\" data-e-type=\"column\">\n\t\t\t<div class=\"elementor-widget-wrap elementor-element-populated\">\n\t\t\t\t\t\t<div class=\"elementor-element elementor-element-f593628 elementor-widget elementor-widget-image\" data-id=\"f593628\" data-element_type=\"widget\" data-e-type=\"widget\" data-widget_type=\"image.default\">\n\t\t\t\t<div class=\"elementor-widget-container\">\n\t\t\t\t\t\t\t\t\t\t\t\t\t\t\t<img fetchpriority=\"high\" decoding=\"async\" width=\"565\" height=\"212\" src=\"https:\/\/www.factura-e.mx\/blog\/wp-content\/uploads\/2024\/02\/Logo-Defensa-Fiscal.png\" class=\"attachment-large size-large wp-image-6185\" alt=\"\" srcset=\"https:\/\/www.factura-e.mx\/blog\/wp-content\/uploads\/2024\/02\/Logo-Defensa-Fiscal.png 565w, https:\/\/www.factura-e.mx\/blog\/wp-content\/uploads\/2024\/02\/Logo-Defensa-Fiscal-300x113.png 300w\" sizes=\"(max-width: 565px) 100vw, 565px\" \/>\t\t\t\t\t\t\t\t\t\t\t\t\t\t\t<\/div>\n\t\t\t\t<\/div>\n\t\t\t\t<div class=\"elementor-element elementor-element-7820c666 elementor-widget elementor-widget-image\" data-id=\"7820c666\" data-element_type=\"widget\" data-e-type=\"widget\" data-widget_type=\"image.default\">\n\t\t\t\t<div class=\"elementor-widget-container\">\n\t\t\t\t\t\t\t\t\t\t\t\t\t\t\t<img decoding=\"async\" width=\"400\" height=\"366\" src=\"https:\/\/www.factura-e.mx\/blog\/wp-content\/uploads\/2024\/02\/Alejandro-Ponce-Rivera.jpg\" class=\"attachment-full size-full wp-image-6184\" alt=\"\" srcset=\"https:\/\/www.factura-e.mx\/blog\/wp-content\/uploads\/2024\/02\/Alejandro-Ponce-Rivera.jpg 400w, https:\/\/www.factura-e.mx\/blog\/wp-content\/uploads\/2024\/02\/Alejandro-Ponce-Rivera-300x275.jpg 300w\" sizes=\"(max-width: 400px) 100vw, 400px\" \/>\t\t\t\t\t\t\t\t\t\t\t\t\t\t\t<\/div>\n\t\t\t\t<\/div>\n\t\t\t\t\t<\/div>\n\t\t<\/div>\n\t\t\t\t\t<\/div>\n\t\t<\/section>\n\t\t\t\t<section class=\"elementor-section elementor-top-section elementor-element elementor-element-f3fafc6 elementor-section-boxed elementor-section-height-default elementor-section-height-default\" data-id=\"f3fafc6\" data-element_type=\"section\" data-e-type=\"section\" data-settings=\"{&quot;background_background&quot;:&quot;classic&quot;}\">\n\t\t\t\t\t\t<div class=\"elementor-container elementor-column-gap-default\">\n\t\t\t\t\t<div class=\"elementor-column elementor-col-100 elementor-top-column elementor-element elementor-element-2414886\" data-id=\"2414886\" data-element_type=\"column\" data-e-type=\"column\">\n\t\t\t<div class=\"elementor-widget-wrap elementor-element-populated\">\n\t\t\t\t\t\t<section class=\"elementor-section elementor-inner-section elementor-element elementor-element-36145b1 elementor-section-boxed elementor-section-height-default elementor-section-height-default\" data-id=\"36145b1\" data-element_type=\"section\" data-e-type=\"section\">\n\t\t\t\t\t\t<div class=\"elementor-container elementor-column-gap-default\">\n\t\t\t\t\t<div class=\"elementor-column elementor-col-33 elementor-inner-column elementor-element elementor-element-cac4a48\" data-id=\"cac4a48\" data-element_type=\"column\" data-e-type=\"column\">\n\t\t\t<div class=\"elementor-widget-wrap elementor-element-populated\">\n\t\t\t\t\t\t<div class=\"elementor-element elementor-element-4e0883c elementor-widget elementor-widget-image\" data-id=\"4e0883c\" data-element_type=\"widget\" data-e-type=\"widget\" data-widget_type=\"image.default\">\n\t\t\t\t<div class=\"elementor-widget-container\">\n\t\t\t\t\t\t\t\t\t\t\t\t\t\t\t\t<a href=\"https:\/\/www.youtube.com\/@AlejandroPonceRivera\" target=\"_blank\" rel=\"noopener\">\n\t\t\t\t\t\t\t<img decoding=\"async\" width=\"1024\" height=\"720\" src=\"https:\/\/www.factura-e.mx\/blog\/wp-content\/uploads\/2024\/02\/logo-Youtube-1024x720.png\" class=\"attachment-large size-large wp-image-6190\" alt=\"\" srcset=\"https:\/\/www.factura-e.mx\/blog\/wp-content\/uploads\/2024\/02\/logo-Youtube-1024x720.png 1024w, https:\/\/www.factura-e.mx\/blog\/wp-content\/uploads\/2024\/02\/logo-Youtube-300x211.png 300w, https:\/\/www.factura-e.mx\/blog\/wp-content\/uploads\/2024\/02\/logo-Youtube-768x540.png 768w, https:\/\/www.factura-e.mx\/blog\/wp-content\/uploads\/2024\/02\/logo-Youtube-1536x1080.png 1536w, https:\/\/www.factura-e.mx\/blog\/wp-content\/uploads\/2024\/02\/logo-Youtube.png 1587w\" sizes=\"(max-width: 1024px) 100vw, 1024px\" \/>\t\t\t\t\t\t\t\t<\/a>\n\t\t\t\t\t\t\t\t\t\t\t\t\t\t\t<\/div>\n\t\t\t\t<\/div>\n\t\t\t\t\t<\/div>\n\t\t<\/div>\n\t\t\t\t<div class=\"elementor-column elementor-col-33 elementor-inner-column elementor-element elementor-element-b819428\" data-id=\"b819428\" data-element_type=\"column\" data-e-type=\"column\">\n\t\t\t<div class=\"elementor-widget-wrap elementor-element-populated\">\n\t\t\t\t\t\t<div class=\"elementor-element elementor-element-0150ab0 elementor-widget elementor-widget-image\" data-id=\"0150ab0\" data-element_type=\"widget\" data-e-type=\"widget\" data-widget_type=\"image.default\">\n\t\t\t\t<div class=\"elementor-widget-container\">\n\t\t\t\t\t\t\t\t\t\t\t\t\t\t\t\t<a href=\"https:\/\/defensa-fiscal.com.mx\" target=\"_blank\" rel=\"noopener\">\n\t\t\t\t\t\t\t<img loading=\"lazy\" decoding=\"async\" width=\"512\" height=\"512\" src=\"https:\/\/www.factura-e.mx\/blog\/wp-content\/uploads\/2024\/02\/icono-pagina-web.png\" class=\"attachment-large size-large wp-image-6189\" alt=\"\" srcset=\"https:\/\/www.factura-e.mx\/blog\/wp-content\/uploads\/2024\/02\/icono-pagina-web.png 512w, https:\/\/www.factura-e.mx\/blog\/wp-content\/uploads\/2024\/02\/icono-pagina-web-300x300.png 300w, https:\/\/www.factura-e.mx\/blog\/wp-content\/uploads\/2024\/02\/icono-pagina-web-150x150.png 150w\" sizes=\"(max-width: 512px) 100vw, 512px\" \/>\t\t\t\t\t\t\t\t<\/a>\n\t\t\t\t\t\t\t\t\t\t\t\t\t\t\t<\/div>\n\t\t\t\t<\/div>\n\t\t\t\t\t<\/div>\n\t\t<\/div>\n\t\t\t\t<div class=\"elementor-column elementor-col-33 elementor-inner-column elementor-element elementor-element-5e47930\" data-id=\"5e47930\" data-element_type=\"column\" data-e-type=\"column\">\n\t\t\t<div class=\"elementor-widget-wrap elementor-element-populated\">\n\t\t\t\t\t\t<div class=\"elementor-element elementor-element-4ac022f elementor-widget elementor-widget-image\" data-id=\"4ac022f\" data-element_type=\"widget\" data-e-type=\"widget\" data-widget_type=\"image.default\">\n\t\t\t\t<div class=\"elementor-widget-container\">\n\t\t\t\t\t\t\t\t\t\t\t\t\t\t\t\t<a href=\"https:\/\/www.facebook.com\/DefensaFiscal.PLD\/\" target=\"_blank\" rel=\"noopener\">\n\t\t\t\t\t\t\t<img loading=\"lazy\" decoding=\"async\" width=\"383\" height=\"377\" src=\"https:\/\/www.factura-e.mx\/blog\/wp-content\/uploads\/2024\/02\/icono-Fcaebook.png\" class=\"attachment-large size-large wp-image-6191\" alt=\"\" srcset=\"https:\/\/www.factura-e.mx\/blog\/wp-content\/uploads\/2024\/02\/icono-Fcaebook.png 383w, https:\/\/www.factura-e.mx\/blog\/wp-content\/uploads\/2024\/02\/icono-Fcaebook-300x295.png 300w\" sizes=\"(max-width: 383px) 100vw, 383px\" \/>\t\t\t\t\t\t\t\t<\/a>\n\t\t\t\t\t\t\t\t\t\t\t\t\t\t\t<\/div>\n\t\t\t\t<\/div>\n\t\t\t\t\t<\/div>\n\t\t<\/div>\n\t\t\t\t\t<\/div>\n\t\t<\/section>\n\t\t\t\t\t<\/div>\n\t\t<\/div>\n\t\t\t\t\t<\/div>\n\t\t<\/section>\n\t\t\t\t<section class=\"elementor-section elementor-top-section elementor-element elementor-element-821ef8e elementor-section-boxed elementor-section-height-default elementor-section-height-default\" data-id=\"821ef8e\" data-element_type=\"section\" data-e-type=\"section\">\n\t\t\t\t\t\t<div class=\"elementor-container elementor-column-gap-default\">\n\t\t\t\t\t<div class=\"elementor-column elementor-col-100 elementor-top-column elementor-element elementor-element-4570a6f\" data-id=\"4570a6f\" data-element_type=\"column\" data-e-type=\"column\">\n\t\t\t<div class=\"elementor-widget-wrap elementor-element-populated\">\n\t\t\t\t\t\t<div class=\"elementor-element elementor-element-806f74c elementor-widget-divider--view-line elementor-widget elementor-widget-divider\" data-id=\"806f74c\" data-element_type=\"widget\" data-e-type=\"widget\" data-widget_type=\"divider.default\">\n\t\t\t\t<div class=\"elementor-widget-container\">\n\t\t\t\t\t\t\t<div class=\"elementor-divider\">\n\t\t\t<span class=\"elementor-divider-separator\">\n\t\t\t\t\t\t<\/span>\n\t\t<\/div>\n\t\t\t\t\t\t<\/div>\n\t\t\t\t<\/div>\n\t\t\t\t<div class=\"elementor-element elementor-element-bb2e2ad elementor-widget elementor-widget-heading\" data-id=\"bb2e2ad\" data-element_type=\"widget\" data-e-type=\"widget\" data-widget_type=\"heading.default\">\n\t\t\t\t<div class=\"elementor-widget-container\">\n\t\t\t\t\t<h3 class=\"elementor-heading-title elementor-size-default\">Trayectoria <\/h3>\t\t\t\t<\/div>\n\t\t\t\t<\/div>\n\t\t\t\t<div class=\"elementor-element elementor-element-0e0eadc elementor-widget elementor-widget-text-editor\" data-id=\"0e0eadc\" data-element_type=\"widget\" data-e-type=\"widget\" data-widget_type=\"text-editor.default\">\n\t\t\t\t<div class=\"elementor-widget-container\">\n\t\t\t\t\t\t\t\t\t<p><\/p>\n<ul>\n<li><span style=\"font-size: 17px; letter-spacing: 0.4px;\">Fue Abogado Dictaminador, Jefe de Grupo y Subjefe de Departamento en la SHCP de 1977 a 1982,<\/span><br><\/li>\n<li>Secretario de Acuerdos de la Quinta Sala Regional Metropolitana del TFF de 1982 y 1984, y<\/li>\n<li>Subdirector de Juicios Fiscales Federales de la Procuradur\u00eda Fiscal del Distrito Federal en 1984 y 1985.<\/li>\n<li>En Julio de 1985 fund\u00f3 esta Firma en la que por m\u00e1s de 30 a\u00f1os se ha dedicado exclusivamente al \u00e1rea Fiscal llevando a cabo la Defensa, Asesor\u00eda y Consultor\u00eda de miles de clientes durante toda su trayectoria.<\/li>\n<li>Creador del concepto \u201cNueva Defensa Fiscal\u201d, que consiste en estar varios pasos adelante de la autoridad, solucionar los problemas fiscales antes de que sean detectados por la autoridad, y as\u00ed proteger el patrimonio y la libertad.<\/li>\n<li>Fue Catedr\u00e1tico durante m\u00e1s de 25 a\u00f1os, impartiendo clases en Licenciatura, Especialidad y Maestr\u00eda en varias Universidades.<\/li>\n<li>Fue Asesor Fiscal de infinidad de organismos empresariales en todo el pa\u00eds.<\/li>\n<li>Escribi\u00f3 para diversas revistas especializadas en cuestiones fiscales.<\/li>\n<li>Imparte Cursos y Conferencias de Defensa Fiscal en todo el pa\u00eds.<\/li>\n<li>Es autor de m\u00e1s de 30 libros.<\/li>\n<li>Fue conductor del programa \u201cNueva Defensa Fiscal\u201d, que se transmiti\u00f3 semanalmente por<\/li>\n<li>Internet durante 4 a\u00f1os.<\/li>\n<\/ul>\t\t\t\t\t\t\t\t<\/div>\n\t\t\t\t<\/div>\n\t\t\t\t\t<\/div>\n\t\t<\/div>\n\t\t\t\t\t<\/div>\n\t\t<\/section>\n\t\t\t\t<\/div>\n\t\t","protected":false},"excerpt":{"rendered":"<p>Panel de Experto Alejandro Ponce Licenciado en Derecho por la Facultad de Derecho de la U.N.A.M. Licenciado en Derecho por la Facultad de Derecho de la U.N.A.M, actualmente me desempe\u00f1o como Director General de \u201cDEFENSA FISCAL, GRUPO JUR\u00cdDICO\u201d, firma con cobertura nacional y que cuenta con 42 a\u00f1os de experiencia en la materia fiscal. Soy [&hellip;]<\/p>\n","protected":false},"author":11,"featured_media":0,"parent":6180,"menu_order":0,"comment_status":"closed","ping_status":"closed","template":"","meta":{"_joinchat":[],"footnotes":""},"ppma_author":[1414],"class_list":["post-6182","page","type-page","status-publish","hentry","entry"],"_links":{"self":[{"href":"https:\/\/www.factura-e.mx\/blog\/wp-json\/wp\/v2\/pages\/6182","targetHints":{"allow":["GET"]}}],"collection":[{"href":"https:\/\/www.factura-e.mx\/blog\/wp-json\/wp\/v2\/pages"}],"about":[{"href":"https:\/\/www.factura-e.mx\/blog\/wp-json\/wp\/v2\/types\/page"}],"author":[{"embeddable":true,"href":"https:\/\/www.factura-e.mx\/blog\/wp-json\/wp\/v2\/users\/11"}],"replies":[{"embeddable":true,"href":"https:\/\/www.factura-e.mx\/blog\/wp-json\/wp\/v2\/comments?post=6182"}],"version-history":[{"count":14,"href":"https:\/\/www.factura-e.mx\/blog\/wp-json\/wp\/v2\/pages\/6182\/revisions"}],"predecessor-version":[{"id":6273,"href":"https:\/\/www.factura-e.mx\/blog\/wp-json\/wp\/v2\/pages\/6182\/revisions\/6273"}],"up":[{"embeddable":true,"href":"https:\/\/www.factura-e.mx\/blog\/wp-json\/wp\/v2\/pages\/6180"}],"wp:attachment":[{"href":"https:\/\/www.factura-e.mx\/blog\/wp-json\/wp\/v2\/media?parent=6182"}],"wp:term":[{"taxonomy":"author","embeddable":true,"href":"https:\/\/www.factura-e.mx\/blog\/wp-json\/wp\/v2\/ppma_author?post=6182"}],"curies":[{"name":"wp","href":"https:\/\/api.w.org\/{rel}","templated":true}]}}